{"id":1391,"date":"2025-03-31T18:36:47","date_gmt":"2025-03-31T18:36:47","guid":{"rendered":"https:\/\/tierramontemariana.org\/?page_id=1391"},"modified":"2025-06-09T02:17:32","modified_gmt":"2025-06-09T02:17:32","slug":"teatro-foro-pa-la-paz","status":"publish","type":"page","link":"https:\/\/tierramontemariana.org\/index.php\/teatro-foro-pa-la-paz\/","title":{"rendered":"Teatro Foro Pa&#8217; La Paz"},"content":{"rendered":"<p class=\"attachment\"><a href='https:\/\/tierramontemariana.org\/wp-content\/uploads\/2025\/03\/464904004_18043614179041263_9086594636214355410_n.jpg'><img fetchpriority=\"high\" decoding=\"async\" width=\"300\" height=\"256\" src=\"https:\/\/tierramontemariana.org\/wp-content\/uploads\/2025\/03\/464904004_18043614179041263_9086594636214355410_n-300x256.jpg\" class=\"attachment-medium size-medium\" alt=\"\" srcset=\"https:\/\/tierramontemariana.org\/wp-content\/uploads\/2025\/03\/464904004_18043614179041263_9086594636214355410_n-300x256.jpg 300w, https:\/\/tierramontemariana.org\/wp-content\/uploads\/2025\/03\/464904004_18043614179041263_9086594636214355410_n-1024x874.jpg 1024w, https:\/\/tierramontemariana.org\/wp-content\/uploads\/2025\/03\/464904004_18043614179041263_9086594636214355410_n-768x655.jpg 768w, https:\/\/tierramontemariana.org\/wp-content\/uploads\/2025\/03\/464904004_18043614179041263_9086594636214355410_n.jpg 1439w\" sizes=\"(max-width: 300px) 100vw, 300px\" \/><\/a><\/p>\n\t\t<div data-elementor-type=\"wp-page\" data-elementor-id=\"1391\" class=\"elementor elementor-1391\">\n\t\t\t\t\t\t<section class=\"elementor-section elementor-top-section elementor-element elementor-element-ab3342c elementor-section-full_width elementor-section-height-min-height elementor-section-height-default elementor-section-items-middle wpr-particle-no wpr-jarallax-no wpr-parallax-no\" data-id=\"ab3342c\" data-element_type=\"section\" data-settings=\"{&quot;background_background&quot;:&quot;classic&quot;}\">\n\t\t\t\t\t\t\t<div class=\"elementor-background-overlay\"><\/div>\n\t\t\t\t\t\t\t<div class=\"elementor-container elementor-column-gap-default\">\n\t\t\t\t\t<div class=\"elementor-column elementor-col-100 elementor-top-column elementor-element elementor-element-99338b3\" data-id=\"99338b3\" data-element_type=\"column\">\n\t\t\t<div class=\"elementor-widget-wrap elementor-element-populated\">\n\t\t\t\t\t\t<div class=\"elementor-element elementor-element-2e3bbb8 elementor-widget elementor-widget-heading\" data-id=\"2e3bbb8\" data-element_type=\"widget\" data-widget_type=\"heading.default\">\n\t\t\t\t<div class=\"elementor-widget-container\">\n\t\t\t<h2 class=\"elementor-heading-title elementor-size-default\">Teatro Foro pa\u2019 la Paz: Escenarios que Transforman<\/h2>\t\t<\/div>\n\t\t\t\t<\/div>\n\t\t\t\t\t<\/div>\n\t\t<\/div>\n\t\t\t\t\t<\/div>\n\t\t<\/section>\n\t\t\t\t<section class=\"elementor-section elementor-top-section elementor-element elementor-element-9e0e0eb elementor-section-boxed elementor-section-height-default elementor-section-height-default wpr-particle-no wpr-jarallax-no wpr-parallax-no wpr-sticky-section-no\" data-id=\"9e0e0eb\" data-element_type=\"section\" data-settings=\"{&quot;background_background&quot;:&quot;classic&quot;}\">\n\t\t\t\t\t\t<div class=\"elementor-container elementor-column-gap-default\">\n\t\t\t\t\t<div class=\"elementor-column elementor-col-100 elementor-top-column elementor-element elementor-element-657748f\" data-id=\"657748f\" data-element_type=\"column\">\n\t\t\t<div class=\"elementor-widget-wrap elementor-element-populated\">\n\t\t\t\t\t\t<div class=\"elementor-element elementor-element-ae6ef13 elementor-widget elementor-widget-text-editor\" data-id=\"ae6ef13\" data-element_type=\"widget\" data-widget_type=\"text-editor.default\">\n\t\t\t\t<div class=\"elementor-widget-container\">\n\t\t\t\t\t\t\t<p>Teatro Foro pa\u2019 la Paz es una iniciativa de la Fundaci\u00f3n Tierra Montemariana que utiliza el arte como herramienta para promover la reconciliaci\u00f3n, empat\u00eda y liderazgo transformador en j\u00f3venes del municipio de San Juan Nepomuceno, Bol\u00edvar.<\/p><p>A trav\u00e9s de esta propuesta, creamos espacios seguros y participativos donde j\u00f3venes l\u00edderes, lideresas y actores sociales desarrollan habilidades para la resoluci\u00f3n pac\u00edfica de conflictos y el fortalecimiento del tejido social. Utilizamos el teatro participativo como una poderosa v\u00eda para reflexionar sobre realidades dif\u00edciles, proponer cambios colectivos y fomentar una cultura de paz desde el territorio.<\/p><p>Cada encuentro con Teatro Foro pa\u2019 la Paz es una oportunidad para que la juventud se reconozca como protagonista de la transformaci\u00f3n social. Obras como \u201cMetaplasmos Para Conductas Esquivas\u201d, interpretada por el grupo de teatro IMAGINE y dirigida por el maestro Juan Carlos Carmona, han permitido abrir conversaciones profundas sobre la convivencia, la resoluci\u00f3n pac\u00edfica de conflictos y la esperanza.<\/p><p>Esta microiniciativa forma parte de nuestro compromiso con la construcci\u00f3n de paz territorial, y en su primera implementaci\u00f3n conto con el valioso respaldo del programa Restaurando Nuestro Futuro de USAID Colombia, implementado por OIM Colombia en alianza con ACDIVOCA Colombia, as\u00ed como de aliados locales como la Casa de la Cultura de San Juan Nepomuceno, JAREMUSIC, el Enlace Municipal de Juventud y otras organizaciones comprometidas con la transformaci\u00f3n social.<\/p><p>En la Fundaci\u00f3n Francia Tierra Montemariana creemos firmemente en el poder del arte como veh\u00edculo de cambio. Sabemos que construir paz es un proceso colectivo que necesita del compromiso de muchos.<\/p><p><em><strong>\u00bfC\u00f3mo puedes sumarte?<\/strong><\/em><\/p><p>Apoyar iniciativas como Teatro Foro pa\u2019 la Paz es contribuir directamente a fortalecer comunidades, empoderar juventudes y sembrar futuro en territorios hist\u00f3ricamente afectados por el conflicto. Te invitamos a unirte como aliado, donante o colaborador y ser parte activa de esta transformaci\u00f3n.<br \/>Porque la paz no solo se sue\u00f1a, se construye. Y cada aporte cuenta.<\/p>\t\t\t\t\t\t<\/div>\n\t\t\t\t<\/div>\n\t\t\t\t\t<\/div>\n\t\t<\/div>\n\t\t\t\t\t<\/div>\n\t\t<\/section>\n\t\t\t\t<section class=\"elementor-section elementor-top-section elementor-element elementor-element-7b08053 elementor-section-boxed elementor-section-height-default elementor-section-height-default wpr-particle-no wpr-jarallax-no wpr-parallax-no wpr-sticky-section-no\" data-id=\"7b08053\" data-element_type=\"section\" data-settings=\"{&quot;background_background&quot;:&quot;classic&quot;}\">\n\t\t\t\t\t\t<div class=\"elementor-container elementor-column-gap-default\">\n\t\t\t\t\t<div class=\"elementor-column elementor-col-100 elementor-top-column elementor-element elementor-element-33f8780\" data-id=\"33f8780\" data-element_type=\"column\">\n\t\t\t<div class=\"elementor-widget-wrap elementor-element-populated\">\n\t\t\t\t\t\t<div class=\"elementor-element elementor-element-da07dc1 elementor-widget__width-inherit elementor-widget elementor-widget-wp-widget-media_video\" data-id=\"da07dc1\" data-element_type=\"widget\" data-widget_type=\"wp-widget-media_video.default\">\n\t\t\t\t<div class=\"elementor-widget-container\">\n\t\t\t<div style=\"width:100%;\" class=\"wp-video\"><video class=\"wp-video-shortcode\" id=\"video-1391-1\" preload=\"metadata\" controls=\"controls\"><source type=\"video\/mp4\" src=\"https:\/\/tierramontemariana.org\/wp-content\/uploads\/2025\/03\/AQN98afUguXPbKbUVKxC9aE_0jgGlGywZ8lpO6YCFP1ip4KfTFc4e_r7IBd73-1ZVyJigQKX8falLaKDYwDzVhz6-1.mp4?_=1\" \/><source type=\"video\/mp4\" src=\"https:\/\/tierramontemariana.org\/wp-content\/uploads\/2025\/03\/AQN98afUguXPbKbUVKxC9aE_0jgGlGywZ8lpO6YCFP1ip4KfTFc4e_r7IBd73-1ZVyJigQKX8falLaKDYwDzVhz6-1.mp4?_=1\" \/><a href=\"https:\/\/tierramontemariana.org\/wp-content\/uploads\/2025\/03\/AQN98afUguXPbKbUVKxC9aE_0jgGlGywZ8lpO6YCFP1ip4KfTFc4e_r7IBd73-1ZVyJigQKX8falLaKDYwDzVhz6-1.mp4\">https:\/\/tierramontemariana.org\/wp-content\/uploads\/2025\/03\/AQN98afUguXPbKbUVKxC9aE_0jgGlGywZ8lpO6YCFP1ip4KfTFc4e_r7IBd73-1ZVyJigQKX8falLaKDYwDzVhz6-1.mp4<\/a><\/video><\/div>\t\t<\/div>\n\t\t\t\t<\/div>\n\t\t\t\t\t<\/div>\n\t\t<\/div>\n\t\t\t\t\t<\/div>\n\t\t<\/section>\n\t\t\t\t<section class=\"elementor-section elementor-top-section elementor-element elementor-element-5729d86 elementor-section-content-middle elementor-section-boxed elementor-section-height-default elementor-section-height-default wpr-particle-no wpr-jarallax-no wpr-parallax-no wpr-sticky-section-no\" data-id=\"5729d86\" data-element_type=\"section\">\n\t\t\t\t\t\t<div class=\"elementor-container elementor-column-gap-extended\">\n\t\t\t\t\t<div class=\"elementor-column elementor-col-100 elementor-top-column elementor-element elementor-element-1fd1bcc\" data-id=\"1fd1bcc\" data-element_type=\"column\">\n\t\t\t<div class=\"elementor-widget-wrap elementor-element-populated\">\n\t\t\t\t\t\t<div class=\"elementor-element elementor-element-0eb2813 wpr-advanced-text-style-highlighted wpr-animated-text-infinite-yes elementor-widget elementor-widget-wpr-advanced-text\" data-id=\"0eb2813\" data-element_type=\"widget\" data-settings=\"{&quot;anim_loop&quot;:&quot;yes&quot;}\" data-widget_type=\"wpr-advanced-text.default\">\n\t\t\t\t<div class=\"elementor-widget-container\">\n\t\t\t\n\t\t<h3 class=\"wpr-advanced-text\">\n\n\t\t\t\t\t\n\t\t\t\n\t\t<span class=\"wpr-highlighted-text\">\n\t\t\t\t\t\n\t\t\t<span class=\"wpr-highlighted-text-inner\">Im\u00e1genes del evento<\/span>\n\n\t\t\t<svg xmlns=\"http:\/\/www.w3.org\/2000\/svg\" viewBox=\"0 0 500 150\" class=\"wpr-highlight-circle\" preserveAspectRatio=\"none\">\n\t\t\t\t\t\t\t\t<path d=\"M284.72,15.61C276.85,14.43,2-2.85,2,80.46c0,34.09,45.22,58.86,196.31,62.81C719.59,154.18,467-74.85,109,29.15\"><\/path>\n\t\t\t\t\t\t\t<\/svg>\n\t\t\t\t\t<\/span>\n\t\t\t\t\n\t\t<\/h3>\n\t\t\n\t\t\t\t<\/div>\n\t\t\t\t<\/div>\n\t\t\t\t<div class=\"elementor-element elementor-element-89d8174 wpr-grid-columns-4 wpr-grid-columns--tablet3 wpr-grid-columns--mobile1 wpr-grid-pagination-center elementor-widget elementor-widget-wpr-media-grid\" data-id=\"89d8174\" data-element_type=\"widget\" data-widget_type=\"wpr-media-grid.default\">\n\t\t\t\t<div class=\"elementor-widget-container\">\n\t\t\t<section class=\"wpr-grid wpr-media-grid elementor-clearfix\" data-settings=\"{&quot;layout&quot;:&quot;fitRows&quot;,&quot;columns_desktop&quot;:4,&quot;gutter_hr&quot;:10,&quot;gutter_hr_mobile&quot;:10,&quot;gutter_hr_mobile_extra&quot;:10,&quot;gutter_hr_tablet&quot;:10,&quot;gutter_hr_tablet_extra&quot;:10,&quot;gutter_hr_laptop&quot;:10,&quot;gutter_hr_widescreen&quot;:10,&quot;gutter_vr&quot;:10,&quot;gutter_vr_mobile&quot;:10,&quot;gutter_vr_mobile_extra&quot;:10,&quot;gutter_vr_tablet&quot;:10,&quot;gutter_vr_tablet_extra&quot;:10,&quot;gutter_vr_laptop&quot;:10,&quot;gutter_vr_widescreen&quot;:10,&quot;animation&quot;:&quot;default&quot;,&quot;animation_duration&quot;:0.3,&quot;animation_delay&quot;:0.1,&quot;deeplinking&quot;:&quot;&quot;,&quot;filters_default_filter&quot;:&quot;&quot;,&quot;filters_linkable&quot;:&quot;no&quot;,&quot;filters_count&quot;:&quot;&quot;,&quot;filters_hide_empty&quot;:&quot;no&quot;,&quot;filters_animation&quot;:&quot;default&quot;,&quot;filters_animation_duration&quot;:0.3,&quot;filters_animation_delay&quot;:0.1,&quot;pagination_type&quot;:&quot;load-more&quot;,&quot;pagination_max_pages&quot;:1,&quot;lightbox&quot;:{&quot;selector&quot;:&quot;.wpr-grid-image-wrap&quot;,&quot;iframeMaxWidth&quot;:&quot;60%&quot;,&quot;hash&quot;:false,&quot;autoplay&quot;:&quot;true&quot;,&quot;pause&quot;:5000,&quot;progressBar&quot;:&quot;true&quot;,&quot;counter&quot;:&quot;true&quot;,&quot;controls&quot;:&quot;true&quot;,&quot;getCaptionFromTitleOrAlt&quot;:&quot;&quot;,&quot;thumbnail&quot;:&quot;&quot;,&quot;showThumbByDefault&quot;:&quot;&quot;,&quot;share&quot;:&quot;&quot;,&quot;zoom&quot;:&quot;true&quot;,&quot;fullScreen&quot;:&quot;true&quot;,&quot;download&quot;:&quot;&quot;}}\"><article class=\"wpr-grid-item elementor-clearfix post-1399 attachment type-attachment status-inherit hentry\"><div class=\"wpr-grid-item-inner\"><div class=\"wpr-grid-media-wrap wpr-effect-size-small \"><div class=\"wpr-grid-image-wrap\" data-src=\"https:\/\/tierramontemariana.org\/wp-content\/uploads\/2025\/03\/464808368_18043614188041263_9193790445225202021_n.jpg\"><img decoding=\"async\" src=\"https:\/\/tierramontemariana.org\/wp-content\/uploads\/2025\/03\/464808368_18043614188041263_9193790445225202021_n.jpg\" alt=\"464808368_18043614188041263_9193790445225202021_n\" class=\"wpr-anim-timing-ease-default\"><\/div><div class=\"wpr-grid-media-hover wpr-animation-wrap\"><div class=\"wpr-grid-media-hover-bg  wpr-overlay-fade-in wpr-anim-size-large wpr-anim-timing-ease-default wpr-anim-transparency\" data-url=\"https:\/\/tierramontemariana.org\/index.php\/teatro-foro-pa-la-paz\/464808368_18043614188041263_9193790445225202021_n\/\"><\/div><div class=\"wpr-cv-container\"><div class=\"wpr-cv-outer\"><div class=\"wpr-cv-inner\"><div class=\"wpr-grid-media-hover-middle elementor-clearfix\"><div class=\"wpr-grid-item-lightbox elementor-repeater-item-a11e62c wpr-grid-item-display-block wpr-grid-item-align-center wpr-element-fade-in wpr-anim-size-large wpr-anim-timing-ease-default wpr-anim-transparency\"><div class=\"inner-block\"><span data-src=\"https:\/\/tierramontemariana.org\/wp-content\/uploads\/2025\/03\/464808368_18043614188041263_9193790445225202021_n.jpg\"><i class=\"fas fa-search\"><\/i><\/span><div class=\"wpr-grid-lightbox-overlay\"><\/div><\/div><\/div><div class=\"wpr-grid-item-author elementor-repeater-item-1178567 wpr-grid-item-display-block wpr-grid-item-align-center wpr-element-fade-in wpr-anim-size-large wpr-anim-timing-ease-default wpr-anim-transparency\"><div class=\"inner-block\"><a href=\"https:\/\/tierramontemariana.org\/index.php\/author\/ftmontemariana\/\"><span>ftmontemariana<\/span><\/a><\/div><\/div><\/div><\/div><\/div><\/div><\/div><\/div><\/div><\/article><article class=\"wpr-grid-item elementor-clearfix post-1400 attachment type-attachment status-inherit hentry\"><div class=\"wpr-grid-item-inner\"><div class=\"wpr-grid-media-wrap wpr-effect-size-small \"><div class=\"wpr-grid-image-wrap\" data-src=\"https:\/\/tierramontemariana.org\/wp-content\/uploads\/2025\/03\/464814430_18043614161041263_2197402840012467830_n.jpg\"><img decoding=\"async\" src=\"https:\/\/tierramontemariana.org\/wp-content\/uploads\/2025\/03\/464814430_18043614161041263_2197402840012467830_n.jpg\" alt=\"464814430_18043614161041263_2197402840012467830_n\" class=\"wpr-anim-timing-ease-default\"><\/div><div class=\"wpr-grid-media-hover wpr-animation-wrap\"><div class=\"wpr-grid-media-hover-bg  wpr-overlay-fade-in wpr-anim-size-large wpr-anim-timing-ease-default wpr-anim-transparency\" data-url=\"https:\/\/tierramontemariana.org\/index.php\/teatro-foro-pa-la-paz\/464814430_18043614161041263_2197402840012467830_n\/\"><\/div><div class=\"wpr-cv-container\"><div class=\"wpr-cv-outer\"><div class=\"wpr-cv-inner\"><div class=\"wpr-grid-media-hover-middle elementor-clearfix\"><div class=\"wpr-grid-item-lightbox elementor-repeater-item-a11e62c wpr-grid-item-display-block wpr-grid-item-align-center wpr-element-fade-in wpr-anim-size-large wpr-anim-timing-ease-default wpr-anim-transparency\"><div class=\"inner-block\"><span data-src=\"https:\/\/tierramontemariana.org\/wp-content\/uploads\/2025\/03\/464814430_18043614161041263_2197402840012467830_n.jpg\"><i class=\"fas fa-search\"><\/i><\/span><div class=\"wpr-grid-lightbox-overlay\"><\/div><\/div><\/div><div class=\"wpr-grid-item-author elementor-repeater-item-1178567 wpr-grid-item-display-block wpr-grid-item-align-center wpr-element-fade-in wpr-anim-size-large wpr-anim-timing-ease-default wpr-anim-transparency\"><div class=\"inner-block\"><a href=\"https:\/\/tierramontemariana.org\/index.php\/author\/ftmontemariana\/\"><span>ftmontemariana<\/span><\/a><\/div><\/div><\/div><\/div><\/div><\/div><\/div><\/div><\/div><\/article><article class=\"wpr-grid-item elementor-clearfix post-1403 attachment type-attachment status-inherit hentry\"><div class=\"wpr-grid-item-inner\"><div class=\"wpr-grid-media-wrap wpr-effect-size-small \"><div class=\"wpr-grid-image-wrap\" data-src=\"https:\/\/tierramontemariana.org\/wp-content\/uploads\/2025\/03\/464833808_18043614152041263_5086117872547501315_n.jpg\"><img decoding=\"async\" src=\"https:\/\/tierramontemariana.org\/wp-content\/uploads\/2025\/03\/464833808_18043614152041263_5086117872547501315_n.jpg\" alt=\"464833808_18043614152041263_5086117872547501315_n\" class=\"wpr-anim-timing-ease-default\"><\/div><div class=\"wpr-grid-media-hover wpr-animation-wrap\"><div class=\"wpr-grid-media-hover-bg  wpr-overlay-fade-in wpr-anim-size-large wpr-anim-timing-ease-default wpr-anim-transparency\" data-url=\"https:\/\/tierramontemariana.org\/index.php\/teatro-foro-pa-la-paz\/464833808_18043614152041263_5086117872547501315_n\/\"><\/div><div class=\"wpr-cv-container\"><div class=\"wpr-cv-outer\"><div class=\"wpr-cv-inner\"><div class=\"wpr-grid-media-hover-middle elementor-clearfix\"><div class=\"wpr-grid-item-lightbox elementor-repeater-item-a11e62c wpr-grid-item-display-block wpr-grid-item-align-center wpr-element-fade-in wpr-anim-size-large wpr-anim-timing-ease-default wpr-anim-transparency\"><div class=\"inner-block\"><span data-src=\"https:\/\/tierramontemariana.org\/wp-content\/uploads\/2025\/03\/464833808_18043614152041263_5086117872547501315_n.jpg\"><i class=\"fas fa-search\"><\/i><\/span><div class=\"wpr-grid-lightbox-overlay\"><\/div><\/div><\/div><div class=\"wpr-grid-item-author elementor-repeater-item-1178567 wpr-grid-item-display-block wpr-grid-item-align-center wpr-element-fade-in wpr-anim-size-large wpr-anim-timing-ease-default wpr-anim-transparency\"><div class=\"inner-block\"><a href=\"https:\/\/tierramontemariana.org\/index.php\/author\/ftmontemariana\/\"><span>ftmontemariana<\/span><\/a><\/div><\/div><\/div><\/div><\/div><\/div><\/div><\/div><\/div><\/article><article class=\"wpr-grid-item elementor-clearfix post-1404 attachment type-attachment status-inherit hentry\"><div class=\"wpr-grid-item-inner\"><div class=\"wpr-grid-media-wrap wpr-effect-size-small \"><div class=\"wpr-grid-image-wrap\" data-src=\"https:\/\/tierramontemariana.org\/wp-content\/uploads\/2025\/03\/464868489_18043614170041263_271907948422337046_n.jpg\"><img decoding=\"async\" src=\"https:\/\/tierramontemariana.org\/wp-content\/uploads\/2025\/03\/464868489_18043614170041263_271907948422337046_n.jpg\" alt=\"464868489_18043614170041263_271907948422337046_n\" class=\"wpr-anim-timing-ease-default\"><\/div><div class=\"wpr-grid-media-hover wpr-animation-wrap\"><div class=\"wpr-grid-media-hover-bg  wpr-overlay-fade-in wpr-anim-size-large wpr-anim-timing-ease-default wpr-anim-transparency\" data-url=\"https:\/\/tierramontemariana.org\/index.php\/teatro-foro-pa-la-paz\/464868489_18043614170041263_271907948422337046_n\/\"><\/div><div class=\"wpr-cv-container\"><div class=\"wpr-cv-outer\"><div class=\"wpr-cv-inner\"><div class=\"wpr-grid-media-hover-middle elementor-clearfix\"><div class=\"wpr-grid-item-lightbox elementor-repeater-item-a11e62c wpr-grid-item-display-block wpr-grid-item-align-center wpr-element-fade-in wpr-anim-size-large wpr-anim-timing-ease-default wpr-anim-transparency\"><div class=\"inner-block\"><span data-src=\"https:\/\/tierramontemariana.org\/wp-content\/uploads\/2025\/03\/464868489_18043614170041263_271907948422337046_n.jpg\"><i class=\"fas fa-search\"><\/i><\/span><div class=\"wpr-grid-lightbox-overlay\"><\/div><\/div><\/div><div class=\"wpr-grid-item-author elementor-repeater-item-1178567 wpr-grid-item-display-block wpr-grid-item-align-center wpr-element-fade-in wpr-anim-size-large wpr-anim-timing-ease-default wpr-anim-transparency\"><div class=\"inner-block\"><a href=\"https:\/\/tierramontemariana.org\/index.php\/author\/ftmontemariana\/\"><span>ftmontemariana<\/span><\/a><\/div><\/div><\/div><\/div><\/div><\/div><\/div><\/div><\/div><\/article><article class=\"wpr-grid-item elementor-clearfix post-1405 attachment type-attachment status-inherit hentry\"><div class=\"wpr-grid-item-inner\"><div class=\"wpr-grid-media-wrap wpr-effect-size-small \"><div class=\"wpr-grid-image-wrap\" data-src=\"https:\/\/tierramontemariana.org\/wp-content\/uploads\/2025\/03\/464904004_18043614179041263_9086594636214355410_n.jpg\"><img decoding=\"async\" src=\"https:\/\/tierramontemariana.org\/wp-content\/uploads\/2025\/03\/464904004_18043614179041263_9086594636214355410_n.jpg\" alt=\"464904004_18043614179041263_9086594636214355410_n\" class=\"wpr-anim-timing-ease-default\"><\/div><div class=\"wpr-grid-media-hover wpr-animation-wrap\"><div class=\"wpr-grid-media-hover-bg  wpr-overlay-fade-in wpr-anim-size-large wpr-anim-timing-ease-default wpr-anim-transparency\" data-url=\"https:\/\/tierramontemariana.org\/index.php\/teatro-foro-pa-la-paz\/464904004_18043614179041263_9086594636214355410_n\/\"><\/div><div class=\"wpr-cv-container\"><div class=\"wpr-cv-outer\"><div class=\"wpr-cv-inner\"><div class=\"wpr-grid-media-hover-middle elementor-clearfix\"><div class=\"wpr-grid-item-lightbox elementor-repeater-item-a11e62c wpr-grid-item-display-block wpr-grid-item-align-center wpr-element-fade-in wpr-anim-size-large wpr-anim-timing-ease-default wpr-anim-transparency\"><div class=\"inner-block\"><span data-src=\"https:\/\/tierramontemariana.org\/wp-content\/uploads\/2025\/03\/464904004_18043614179041263_9086594636214355410_n.jpg\"><i class=\"fas fa-search\"><\/i><\/span><div class=\"wpr-grid-lightbox-overlay\"><\/div><\/div><\/div><div class=\"wpr-grid-item-author elementor-repeater-item-1178567 wpr-grid-item-display-block wpr-grid-item-align-center wpr-element-fade-in wpr-anim-size-large wpr-anim-timing-ease-default wpr-anim-transparency\"><div class=\"inner-block\"><a href=\"https:\/\/tierramontemariana.org\/index.php\/author\/ftmontemariana\/\"><span>ftmontemariana<\/span><\/a><\/div><\/div><\/div><\/div><\/div><\/div><\/div><\/div><\/div><\/article><\/section>\t\t<\/div>\n\t\t\t\t<\/div>\n\t\t\t\t\t<\/div>\n\t\t<\/div>\n\t\t\t\t\t<\/div>\n\t\t<\/section>\n\t\t\t\t<\/div>\n\t\t","protected":false},"excerpt":{"rendered":"<p>Teatro Foro pa\u2019 la Paz: Escenarios que Transforman Teatro Foro pa\u2019 la Paz es una iniciativa de la Fundaci\u00f3n Tierra Montemariana que utiliza el arte como herramienta para promover la reconciliaci\u00f3n, empat\u00eda y liderazgo transformador en j\u00f3venes del municipio de San Juan Nepomuceno, Bol\u00edvar. A trav\u00e9s de esta propuesta, creamos espacios seguros y participativos donde j\u00f3venes l\u00edderes, lideresas y actores sociales desarrollan habilidades para la resoluci\u00f3n pac\u00edfica de conflictos y el fortalecimiento del tejido social. Utilizamos el teatro participativo como una poderosa v\u00eda para reflexionar sobre realidades dif\u00edciles, proponer cambios colectivos y fomentar una cultura de paz desde el territorio. Cada encuentro con Teatro Foro pa\u2019 la Paz es una oportunidad para que la juventud se reconozca como protagonista de la transformaci\u00f3n social. Obras como \u201cMetaplasmos Para Conductas Esquivas\u201d, interpretada por el grupo de teatro IMAGINE y dirigida por el maestro Juan Carlos Carmona, han permitido abrir conversaciones profundas sobre la convivencia, la resoluci\u00f3n pac\u00edfica de conflictos y la esperanza. Esta microiniciativa forma parte de nuestro compromiso con la construcci\u00f3n de paz territorial, y en su primera implementaci\u00f3n conto con el valioso respaldo del programa Restaurando Nuestro Futuro de USAID Colombia, implementado por OIM Colombia en alianza con ACDIVOCA Colombia, as\u00ed como de aliados locales como la Casa de la Cultura de San Juan Nepomuceno, JAREMUSIC, el Enlace Municipal de Juventud y otras organizaciones comprometidas con la transformaci\u00f3n social. En la Fundaci\u00f3n Francia Tierra Montemariana creemos firmemente en el poder del arte como veh\u00edculo de cambio. Sabemos que construir paz es un proceso colectivo que necesita del compromiso de muchos. \u00bfC\u00f3mo puedes sumarte? Apoyar iniciativas como Teatro Foro pa\u2019 la Paz es contribuir directamente a fortalecer comunidades, empoderar juventudes y sembrar futuro en territorios hist\u00f3ricamente afectados por el conflicto. Te invitamos a unirte como aliado, donante o colaborador y ser parte activa de esta transformaci\u00f3n.Porque la paz no solo se sue\u00f1a, se construye. Y cada aporte cuenta. Im\u00e1genes del evento ftmontemariana ftmontemariana ftmontemariana ftmontemariana ftmontemariana<\/p>\n","protected":false},"author":1,"featured_media":0,"parent":0,"menu_order":0,"comment_status":"closed","ping_status":"closed","template":"elementor_canvas","meta":{"footnotes":""},"class_list":["post-1391","page","type-page","status-publish","hentry"],"aioseo_notices":[],"_links":{"self":[{"href":"https:\/\/tierramontemariana.org\/index.php\/wp-json\/wp\/v2\/pages\/1391","targetHints":{"allow":["GET"]}}],"collection":[{"href":"https:\/\/tierramontemariana.org\/index.php\/wp-json\/wp\/v2\/pages"}],"about":[{"href":"https:\/\/tierramontemariana.org\/index.php\/wp-json\/wp\/v2\/types\/page"}],"author":[{"embeddable":true,"href":"https:\/\/tierramontemariana.org\/index.php\/wp-json\/wp\/v2\/users\/1"}],"replies":[{"embeddable":true,"href":"https:\/\/tierramontemariana.org\/index.php\/wp-json\/wp\/v2\/comments?post=1391"}],"version-history":[{"count":10,"href":"https:\/\/tierramontemariana.org\/index.php\/wp-json\/wp\/v2\/pages\/1391\/revisions"}],"predecessor-version":[{"id":1538,"href":"https:\/\/tierramontemariana.org\/index.php\/wp-json\/wp\/v2\/pages\/1391\/revisions\/1538"}],"wp:attachment":[{"href":"https:\/\/tierramontemariana.org\/index.php\/wp-json\/wp\/v2\/media?parent=1391"}],"curies":[{"name":"wp","href":"https:\/\/api.w.org\/{rel}","templated":true}]}}