{"id":1294,"date":"2024-09-19T13:04:55","date_gmt":"2024-09-19T13:04:55","guid":{"rendered":"https:\/\/tierramontemariana.org\/?page_id=1294"},"modified":"2024-09-19T13:46:50","modified_gmt":"2024-09-19T13:46:50","slug":"liderazgo-ambiental-y-conservacion-de-la-biodiversidad-para-jovenes-en-los-montes-de-maria","status":"publish","type":"page","link":"https:\/\/tierramontemariana.org\/index.php\/liderazgo-ambiental-y-conservacion-de-la-biodiversidad-para-jovenes-en-los-montes-de-maria\/","title":{"rendered":"Liderazgo ambiental y conservaci\u00f3n de la biodiversidad para j\u00f3venes en los Montes de Mar\u00eda"},"content":{"rendered":"\t\t<div data-elementor-type=\"wp-page\" data-elementor-id=\"1294\" class=\"elementor elementor-1294\">\n\t\t\t\t\t\t<section class=\"elementor-section elementor-top-section elementor-element elementor-element-5b5d9d2b1 elementor-section-boxed elementor-section-height-default elementor-section-height-default wpr-particle-no wpr-jarallax-no wpr-parallax-no wpr-sticky-section-no\" data-id=\"5b5d9d2b1\" data-element_type=\"section\" data-settings=\"{&quot;background_background&quot;:&quot;classic&quot;}\">\n\t\t\t\t\t\t\t<div class=\"elementor-background-overlay\"><\/div>\n\t\t\t\t\t\t\t<div class=\"elementor-container elementor-column-gap-default\">\n\t\t\t\t\t<div class=\"elementor-column elementor-col-100 elementor-top-column elementor-element elementor-element-40954cc1\" data-id=\"40954cc1\" data-element_type=\"column\">\n\t\t\t<div class=\"elementor-widget-wrap elementor-element-populated\">\n\t\t\t\t\t\t<div class=\"elementor-element elementor-element-10b1739a elementor-widget elementor-widget-heading\" data-id=\"10b1739a\" data-element_type=\"widget\" data-widget_type=\"heading.default\">\n\t\t\t\t<div class=\"elementor-widget-container\">\n\t\t\t<span class=\"elementor-heading-title elementor-size-default\">Liderazgo ambiental y conservaci\u00f3n de la biodiversidad para j\u00f3venes en los Montes de Mar\u00eda<\/span>\t\t<\/div>\n\t\t\t\t<\/div>\n\t\t\t\t\t<\/div>\n\t\t<\/div>\n\t\t\t\t\t<\/div>\n\t\t<\/section>\n\t\t\t\t<section class=\"elementor-section elementor-top-section elementor-element elementor-element-326188fb elementor-section-boxed elementor-section-height-default elementor-section-height-default wpr-particle-no wpr-jarallax-no wpr-parallax-no wpr-sticky-section-no\" data-id=\"326188fb\" data-element_type=\"section\" data-settings=\"{&quot;background_background&quot;:&quot;classic&quot;}\">\n\t\t\t\t\t\t<div class=\"elementor-container elementor-column-gap-default\">\n\t\t\t\t\t<div class=\"elementor-column elementor-col-50 elementor-top-column elementor-element elementor-element-73cd9df3\" data-id=\"73cd9df3\" data-element_type=\"column\">\n\t\t\t<div class=\"elementor-widget-wrap elementor-element-populated\">\n\t\t\t\t\t\t<div class=\"elementor-element elementor-element-370abac3 elementor-widget-divider--view-line elementor-widget elementor-widget-divider\" data-id=\"370abac3\" data-element_type=\"widget\" data-widget_type=\"divider.default\">\n\t\t\t\t<div class=\"elementor-widget-container\">\n\t\t\t\t\t<div class=\"elementor-divider\">\n\t\t\t<span class=\"elementor-divider-separator\">\n\t\t\t\t\t\t<\/span>\n\t\t<\/div>\n\t\t\t\t<\/div>\n\t\t\t\t<\/div>\n\t\t\t\t<div class=\"elementor-element elementor-element-26ee0e4e elementor-widget elementor-widget-text-editor\" data-id=\"26ee0e4e\" data-element_type=\"widget\" data-widget_type=\"text-editor.default\">\n\t\t\t\t<div class=\"elementor-widget-container\">\n\t\t\t\t\t\t\t<p>Gracias a la exitosa implementaci\u00f3n de la estrategia, se logr\u00f3 la conformaci\u00f3n de dos colectivos juveniles organizados, los cuales, mediante la producci\u00f3n y difusi\u00f3n de contenidos audiovisuales de calidad, lograron sensibilizar a la comunidad sobre la importancia de conservar la biodiversidad y aprovechar de manera sostenible los recursos del Bosque Seco Tropical. Estos colectivos se convirtieron en agentes de cambio clave en la regi\u00f3n, promoviendo pr\u00e1cticas sostenibles y fomentando una mayor conciencia ambiental en las nuevas generaciones.<\/p>\t\t\t\t\t\t<\/div>\n\t\t\t\t<\/div>\n\t\t\t\t\t<\/div>\n\t\t<\/div>\n\t\t\t\t<div class=\"elementor-column elementor-col-50 elementor-top-column elementor-element elementor-element-147f77ea\" data-id=\"147f77ea\" data-element_type=\"column\">\n\t\t\t<div class=\"elementor-widget-wrap elementor-element-populated\">\n\t\t\t\t\t\t<div class=\"elementor-element elementor-element-31465ec3 elementor-widget elementor-widget-image\" data-id=\"31465ec3\" data-element_type=\"widget\" data-widget_type=\"image.default\">\n\t\t\t\t<div class=\"elementor-widget-container\">\n\t\t\t\t\t\t\t\t\t\t\t\t\t<img fetchpriority=\"high\" decoding=\"async\" width=\"960\" height=\"640\" src=\"https:\/\/tierramontemariana.org\/wp-content\/uploads\/2024\/09\/20230511175413_IMG_1467-1024x683.jpg\" class=\"attachment-large size-large wp-image-1304\" alt=\"\" srcset=\"https:\/\/tierramontemariana.org\/wp-content\/uploads\/2024\/09\/20230511175413_IMG_1467-1024x683.jpg 1024w, https:\/\/tierramontemariana.org\/wp-content\/uploads\/2024\/09\/20230511175413_IMG_1467-300x200.jpg 300w, https:\/\/tierramontemariana.org\/wp-content\/uploads\/2024\/09\/20230511175413_IMG_1467-768x512.jpg 768w, https:\/\/tierramontemariana.org\/wp-content\/uploads\/2024\/09\/20230511175413_IMG_1467-1536x1024.jpg 1536w, https:\/\/tierramontemariana.org\/wp-content\/uploads\/2024\/09\/20230511175413_IMG_1467.jpg 1920w\" sizes=\"(max-width: 960px) 100vw, 960px\" \/>\t\t\t\t\t\t\t\t\t\t\t\t\t<\/div>\n\t\t\t\t<\/div>\n\t\t\t\t\t<\/div>\n\t\t<\/div>\n\t\t\t\t\t<\/div>\n\t\t<\/section>\n\t\t\t\t<section class=\"elementor-section elementor-top-section elementor-element elementor-element-44c0034d elementor-section-boxed elementor-section-height-default elementor-section-height-default wpr-particle-no wpr-jarallax-no wpr-parallax-no wpr-sticky-section-no\" data-id=\"44c0034d\" data-element_type=\"section\" data-settings=\"{&quot;background_background&quot;:&quot;classic&quot;}\">\n\t\t\t\t\t\t<div class=\"elementor-container elementor-column-gap-wide\">\n\t\t\t\t\t<div class=\"elementor-column elementor-col-50 elementor-top-column elementor-element elementor-element-b41d0d3\" data-id=\"b41d0d3\" data-element_type=\"column\">\n\t\t\t<div class=\"elementor-widget-wrap elementor-element-populated\">\n\t\t\t\t\t\t<div class=\"elementor-element elementor-element-b65a799 elementor-widget elementor-widget-image-carousel\" data-id=\"b65a799\" data-element_type=\"widget\" data-settings=\"{&quot;slides_to_show&quot;:&quot;1&quot;,&quot;navigation&quot;:&quot;none&quot;,&quot;autoplay&quot;:&quot;yes&quot;,&quot;pause_on_hover&quot;:&quot;yes&quot;,&quot;pause_on_interaction&quot;:&quot;yes&quot;,&quot;autoplay_speed&quot;:5000,&quot;infinite&quot;:&quot;yes&quot;,&quot;effect&quot;:&quot;slide&quot;,&quot;speed&quot;:500}\" data-widget_type=\"image-carousel.default\">\n\t\t\t\t<div class=\"elementor-widget-container\">\n\t\t\t\t\t<div class=\"elementor-image-carousel-wrapper swiper\" dir=\"ltr\">\n\t\t\t<div class=\"elementor-image-carousel swiper-wrapper\" aria-live=\"off\">\n\t\t\t\t\t\t\t\t<div class=\"swiper-slide\" role=\"group\" aria-roledescription=\"slide\" aria-label=\"1 de 2\"><figure class=\"swiper-slide-inner\"><img decoding=\"async\" class=\"swiper-slide-image\" src=\"https:\/\/tierramontemariana.org\/wp-content\/uploads\/2024\/09\/DSC_0878-scaled.jpg\" alt=\"DSC_0878\" \/><\/figure><\/div><div class=\"swiper-slide\" role=\"group\" aria-roledescription=\"slide\" aria-label=\"2 de 2\"><figure class=\"swiper-slide-inner\"><img decoding=\"async\" class=\"swiper-slide-image\" src=\"https:\/\/tierramontemariana.org\/wp-content\/uploads\/2024\/09\/DSC_0115-scaled.jpg\" alt=\"DSC_0115\" \/><\/figure><\/div>\t\t\t<\/div>\n\t\t\t\t\t\t\t\n\t\t\t\t\t\t\t\t\t<\/div>\n\t\t\t\t<\/div>\n\t\t\t\t<\/div>\n\t\t\t\t\t<\/div>\n\t\t<\/div>\n\t\t\t\t<div class=\"elementor-column elementor-col-50 elementor-top-column elementor-element elementor-element-1fa57bed\" data-id=\"1fa57bed\" data-element_type=\"column\">\n\t\t\t<div class=\"elementor-widget-wrap elementor-element-populated\">\n\t\t\t\t\t\t<div class=\"elementor-element elementor-element-222160c9 elementor-widget-divider--view-line elementor-widget elementor-widget-divider\" data-id=\"222160c9\" data-element_type=\"widget\" data-widget_type=\"divider.default\">\n\t\t\t\t<div class=\"elementor-widget-container\">\n\t\t\t\t\t<div class=\"elementor-divider\">\n\t\t\t<span class=\"elementor-divider-separator\">\n\t\t\t\t\t\t<\/span>\n\t\t<\/div>\n\t\t\t\t<\/div>\n\t\t\t\t<\/div>\n\t\t\t\t<div class=\"elementor-element elementor-element-784bd0a5 elementor-widget elementor-widget-text-editor\" data-id=\"784bd0a5\" data-element_type=\"widget\" data-widget_type=\"text-editor.default\">\n\t\t\t\t<div class=\"elementor-widget-container\">\n\t\t\t\t\t\t\t<p>Como resultado de esta iniciativa, se logr\u00f3 la conformaci\u00f3n de dos colectivos juveniles en los corregimientos de San Pedro Consolado (San Juan Nepomuceno) y Las Mercedes y Casa de Piedra (San Jacinto), los cuales, a trav\u00e9s de la producci\u00f3n de contenidos audiovisuales, han visibilizado la riqueza natural de los Montes de Mar\u00eda y han promovido su conservaci\u00f3n. Estos colectivos han demostrado un alto grado de compromiso y organizaci\u00f3n, generando al menos dos nuevos proyectos que contribuyen a la gesti\u00f3n sostenible de los recursos naturales de su territorio.<\/p>\t\t\t\t\t\t<\/div>\n\t\t\t\t<\/div>\n\t\t\t\t\t<\/div>\n\t\t<\/div>\n\t\t\t\t\t<\/div>\n\t\t<\/section>\n\t\t\t\t<\/div>\n\t\t","protected":false},"excerpt":{"rendered":"<p>Liderazgo ambiental y conservaci\u00f3n de la biodiversidad para j\u00f3venes en los Montes de Mar\u00eda Gracias a la exitosa implementaci\u00f3n de la estrategia, se logr\u00f3 la conformaci\u00f3n de dos colectivos juveniles organizados, los cuales, mediante la producci\u00f3n y difusi\u00f3n de contenidos audiovisuales de calidad, lograron sensibilizar a la comunidad sobre la importancia de conservar la biodiversidad y aprovechar de manera sostenible los recursos del Bosque Seco Tropical. Estos colectivos se convirtieron en agentes de cambio clave en la regi\u00f3n, promoviendo pr\u00e1cticas sostenibles y fomentando una mayor conciencia ambiental en las nuevas generaciones. Como resultado de esta iniciativa, se logr\u00f3 la conformaci\u00f3n de dos colectivos juveniles en los corregimientos de San Pedro Consolado (San Juan Nepomuceno) y Las Mercedes y Casa de Piedra (San Jacinto), los cuales, a trav\u00e9s de la producci\u00f3n de contenidos audiovisuales, han visibilizado la riqueza natural de los Montes de Mar\u00eda y han promovido su conservaci\u00f3n. Estos colectivos han demostrado un alto grado de compromiso y organizaci\u00f3n, generando al menos dos nuevos proyectos que contribuyen a la gesti\u00f3n sostenible de los recursos naturales de su territorio.<\/p>\n","protected":false},"author":1,"featured_media":0,"parent":0,"menu_order":0,"comment_status":"closed","ping_status":"closed","template":"elementor_canvas","meta":{"footnotes":""},"class_list":["post-1294","page","type-page","status-publish","hentry"],"aioseo_notices":[],"_links":{"self":[{"href":"https:\/\/tierramontemariana.org\/index.php\/wp-json\/wp\/v2\/pages\/1294","targetHints":{"allow":["GET"]}}],"collection":[{"href":"https:\/\/tierramontemariana.org\/index.php\/wp-json\/wp\/v2\/pages"}],"about":[{"href":"https:\/\/tierramontemariana.org\/index.php\/wp-json\/wp\/v2\/types\/page"}],"author":[{"embeddable":true,"href":"https:\/\/tierramontemariana.org\/index.php\/wp-json\/wp\/v2\/users\/1"}],"replies":[{"embeddable":true,"href":"https:\/\/tierramontemariana.org\/index.php\/wp-json\/wp\/v2\/comments?post=1294"}],"version-history":[{"count":16,"href":"https:\/\/tierramontemariana.org\/index.php\/wp-json\/wp\/v2\/pages\/1294\/revisions"}],"predecessor-version":[{"id":1322,"href":"https:\/\/tierramontemariana.org\/index.php\/wp-json\/wp\/v2\/pages\/1294\/revisions\/1322"}],"wp:attachment":[{"href":"https:\/\/tierramontemariana.org\/index.php\/wp-json\/wp\/v2\/media?parent=1294"}],"curies":[{"name":"wp","href":"https:\/\/api.w.org\/{rel}","templated":true}]}}